{"id":355,"date":"2024-06-17T23:55:30","date_gmt":"2024-06-17T23:55:30","guid":{"rendered":"https:\/\/mxenes.cl\/home\/?page_id=355"},"modified":"2025-02-06T13:25:39","modified_gmt":"2025-02-06T13:25:39","slug":"investigacion","status":"publish","type":"page","link":"https:\/\/mxenes.cl\/home\/en\/investigacion\/","title":{"rendered":"fields"},"content":{"rendered":"<div data-elementor-type=\"wp-page\" data-elementor-id=\"355\" class=\"elementor elementor-355\">\n\t\t\t\t<div class=\"elementor-element elementor-element-76d87bb e-con-full e-flex e-con e-parent\" data-id=\"76d87bb\" data-element_type=\"container\" data-settings=\"{&quot;background_background&quot;:&quot;classic&quot;}\">\n\t\t<div class=\"elementor-element elementor-element-c4a606e e-con-full e-flex e-con e-child\" data-id=\"c4a606e\" data-element_type=\"container\">\n\t\t\t\t<div class=\"elementor-element elementor-element-621f4da elementor-widget elementor-widget-image\" data-id=\"621f4da\" data-element_type=\"widget\" data-widget_type=\"image.default\">\n\t\t\t\t<div class=\"elementor-widget-container\">\n\t\t\t<style>\/*! elementor - v3.21.0 - 26-05-2024 *\/\n.elementor-widget-image{text-align:center}.elementor-widget-image a{display:inline-block}.elementor-widget-image a img[src$=\".svg\"]{width:48px}.elementor-widget-image img{vertical-align:middle;display:inline-block}<\/style>\t\t\t\t\t\t\t\t\t\t<img fetchpriority=\"high\" decoding=\"async\" width=\"427\" height=\"214\" src=\"https:\/\/mxenes.cl\/home\/wp-content\/uploads\/2024\/07\/Modo_de_aislamiento-2.png\" class=\"attachment-large size-large wp-image-829\" alt=\"\" srcset=\"https:\/\/mxenes.cl\/home\/wp-content\/uploads\/2024\/07\/Modo_de_aislamiento-2.png 427w, https:\/\/mxenes.cl\/home\/wp-content\/uploads\/2024\/07\/Modo_de_aislamiento-2-300x150.png 300w, https:\/\/mxenes.cl\/home\/wp-content\/uploads\/2024\/07\/Modo_de_aislamiento-2-18x9.png 18w\" sizes=\"(max-width: 427px) 100vw, 427px\" \/>\t\t\t\t\t\t\t\t\t\t\t\t\t<\/div>\n\t\t\t\t<\/div>\n\t\t\t\t<\/div>\n\t\t<div class=\"elementor-element elementor-element-a5a7800 e-con-full e-flex e-con e-child\" data-id=\"a5a7800\" data-element_type=\"container\">\n\t\t\t\t<div class=\"elementor-element elementor-element-fc9e94a elementor-widget__width-initial elementor-widget elementor-widget-heading\" data-id=\"fc9e94a\" data-element_type=\"widget\" data-widget_type=\"heading.default\">\n\t\t\t\t<div class=\"elementor-widget-container\">\n\t\t\t<style>\/*! elementor - v3.21.0 - 26-05-2024 *\/\n.elementor-heading-title{padding:0;margin:0;line-height:1}.elementor-widget-heading .elementor-heading-title[class*=elementor-size-]>a{color:inherit;font-size:inherit;line-height:inherit}.elementor-widget-heading .elementor-heading-title.elementor-size-small{font-size:15px}.elementor-widget-heading .elementor-heading-title.elementor-size-medium{font-size:19px}.elementor-widget-heading .elementor-heading-title.elementor-size-large{font-size:29px}.elementor-widget-heading .elementor-heading-title.elementor-size-xl{font-size:39px}.elementor-widget-heading .elementor-heading-title.elementor-size-xxl{font-size:59px}<\/style><h2 class=\"elementor-heading-title elementor-size-default\">Lines of <span class=\"titulo\">fields<\/span><\/h2>\t\t<\/div>\n\t\t\t\t<\/div>\n\t\t\t\t<\/div>\n\t\t\t\t<\/div>\n\t\t<div class=\"elementor-element elementor-element-0dcdea0 e-con-full e-flex e-con e-parent\" data-id=\"0dcdea0\" data-element_type=\"container\" data-settings=\"{&quot;background_background&quot;:&quot;classic&quot;}\">\n\t\t<div class=\"elementor-element elementor-element-055a64f e-flex e-con-boxed e-con e-child\" data-id=\"055a64f\" data-element_type=\"container\" data-settings=\"{&quot;background_background&quot;:&quot;classic&quot;}\">\n\t\t\t\t\t<div class=\"e-con-inner\">\n\t\t<div class=\"elementor-element elementor-element-c070b59 e-con-full e-flex e-con e-child\" data-id=\"c070b59\" data-element_type=\"container\" data-settings=\"{&quot;background_background&quot;:&quot;classic&quot;}\">\n\t\t\t\t<div class=\"elementor-element elementor-element-7bbbe44 elementor-widget__width-initial elementor-widget elementor-widget-heading\" data-id=\"7bbbe44\" data-element_type=\"widget\" data-widget_type=\"heading.default\">\n\t\t\t\t<div class=\"elementor-widget-container\">\n\t\t\t<h5 class=\"elementor-heading-title elementor-size-default\">The Millennium Nucleus of Advanced MXenes for Sustainable Applications aims to establish itself as a cutting-edge research center dedicated to the synthesis of MXenes in Chile.\nOur research lines focus on the optimization of MXenes for applications in catalysis, gas sensors, and tribology.<\/h5>\t\t<\/div>\n\t\t\t\t<\/div>\n\t\t\t\t<\/div>\n\t\t<div class=\"elementor-element elementor-element-4a10bb5 e-con-full e-flex e-con e-child\" data-id=\"4a10bb5\" data-element_type=\"container\" data-settings=\"{&quot;background_background&quot;:&quot;classic&quot;}\">\n\t\t\t\t<div class=\"elementor-element elementor-element-9f23775 elementor-posts--align-left elementor-grid-3 elementor-grid-tablet-2 elementor-grid-mobile-1 elementor-posts--thumbnail-top elementor-widget elementor-widget-posts\" data-id=\"9f23775\" data-element_type=\"widget\" data-settings=\"{&quot;classic_row_gap&quot;:{&quot;unit&quot;:&quot;px&quot;,&quot;size&quot;:0,&quot;sizes&quot;:[]},&quot;classic_masonry&quot;:&quot;yes&quot;,&quot;classic_columns&quot;:&quot;3&quot;,&quot;classic_columns_tablet&quot;:&quot;2&quot;,&quot;classic_columns_mobile&quot;:&quot;1&quot;,&quot;classic_row_gap_tablet&quot;:{&quot;unit&quot;:&quot;px&quot;,&quot;size&quot;:&quot;&quot;,&quot;sizes&quot;:[]},&quot;classic_row_gap_mobile&quot;:{&quot;unit&quot;:&quot;px&quot;,&quot;size&quot;:&quot;&quot;,&quot;sizes&quot;:[]}}\" data-widget_type=\"posts.classic\">\n\t\t\t\t<div class=\"elementor-widget-container\">\n\t\t\t<link rel=\"stylesheet\" href=\"https:\/\/mxenes.cl\/home\/wp-content\/plugins\/elementor-pro\/assets\/css\/widget-posts.min.css\">\t\t<div class=\"elementor-posts-container elementor-posts elementor-posts--skin-classic elementor-grid\">\n\t\t\t\t<article class=\"elementor-post elementor-grid-item post-179 post type-post status-publish format-standard has-post-thumbnail hentry category-lineas-de-investigacion\">\n\t\t\t\t<a class=\"elementor-post__thumbnail__link\" href=\"https:\/\/mxenes.cl\/home\/en\/investigacion1\/\" target=\"&quot;_blank&quot;\">\n\t\t\t<div class=\"elementor-post__thumbnail\"><img decoding=\"async\" width=\"80\" height=\"80\" src=\"https:\/\/mxenes.cl\/home\/wp-content\/uploads\/2024\/06\/Ellipse-7.png\" class=\"attachment-thumbnail size-thumbnail wp-image-593\" alt=\"\" \/><\/div>\n\t\t<\/a>\n\t\t\t\t<div class=\"elementor-post__text\">\n\t\t\t\t<h1 class=\"elementor-post__title\">\n\t\t\t<a href=\"https:\/\/mxenes.cl\/home\/en\/investigacion1\/\" target=\"&quot;_blank&quot;\">\n\t\t\t\tOptimization of MXenes for applications in catalysis\t\t\t<\/a>\n\t\t<\/h1>\n\t\t\t\t<div class=\"elementor-post__excerpt\">\n\t\t\t<p>Generation of multilayer systems via sputterin to adjust the chemistry and stoichiometry, in addition to the development of protocols for the thermal treatment of the multilayers.<\/p>\n\t\t<\/div>\n\t\t\n\t\t<a class=\"elementor-post__read-more\" href=\"https:\/\/mxenes.cl\/home\/en\/investigacion1\/\" target=\"_blank\">\n\t\t\tMore info\t\t<\/a>\n\n\t\t\t\t<\/div>\n\t\t\t\t<\/article>\n\t\t\t\t<article class=\"elementor-post elementor-grid-item post-181 post type-post status-publish format-standard has-post-thumbnail hentry category-lineas-de-investigacion\">\n\t\t\t\t<a class=\"elementor-post__thumbnail__link\" href=\"https:\/\/mxenes.cl\/home\/en\/investigacion2\/\" target=\"&quot;_blank&quot;\">\n\t\t\t<div class=\"elementor-post__thumbnail\"><img decoding=\"async\" width=\"80\" height=\"80\" src=\"https:\/\/mxenes.cl\/home\/wp-content\/uploads\/2024\/06\/Ellipse-7.png\" class=\"attachment-thumbnail size-thumbnail wp-image-593\" alt=\"\" \/><\/div>\n\t\t<\/a>\n\t\t\t\t<div class=\"elementor-post__text\">\n\t\t\t\t<h1 class=\"elementor-post__title\">\n\t\t\t<a href=\"https:\/\/mxenes.cl\/home\/en\/investigacion2\/\" target=\"&quot;_blank&quot;\">\n\t\t\t\tOptimization of MXenes for applications in gas sensors\t\t\t<\/a>\n\t\t<\/h1>\n\t\t\t\t<div class=\"elementor-post__excerpt\">\n\t\t\t<p>Design of protocols for the chemical attack (etching) of the MAX phase deposited in the form of multilayers.<\/p>\n\t\t<\/div>\n\t\t\n\t\t<a class=\"elementor-post__read-more\" href=\"https:\/\/mxenes.cl\/home\/en\/investigacion2\/\" target=\"_blank\">\n\t\t\tMore info\t\t<\/a>\n\n\t\t\t\t<\/div>\n\t\t\t\t<\/article>\n\t\t\t\t<article class=\"elementor-post elementor-grid-item post-183 post type-post status-publish format-standard has-post-thumbnail hentry category-lineas-de-investigacion\">\n\t\t\t\t<a class=\"elementor-post__thumbnail__link\" href=\"https:\/\/mxenes.cl\/home\/en\/investigacion3\/\" target=\"&quot;_blank&quot;\">\n\t\t\t<div class=\"elementor-post__thumbnail\"><img decoding=\"async\" width=\"80\" height=\"80\" src=\"https:\/\/mxenes.cl\/home\/wp-content\/uploads\/2024\/06\/Ellipse-7.png\" class=\"attachment-thumbnail size-thumbnail wp-image-593\" alt=\"\" \/><\/div>\n\t\t<\/a>\n\t\t\t\t<div class=\"elementor-post__text\">\n\t\t\t\t<h1 class=\"elementor-post__title\">\n\t\t\t<a href=\"https:\/\/mxenes.cl\/home\/en\/investigacion3\/\" target=\"&quot;_blank&quot;\">\n\t\t\t\tOptimization of MXenes for applications in tribology\t\t\t<\/a>\n\t\t<\/h1>\n\t\t\t\t<div class=\"elementor-post__excerpt\">\n\t\t\t<p>Applications of MXenes thin films in catalysis, gas sensors and tribology.<\/p>\n\t\t<\/div>\n\t\t\n\t\t<a class=\"elementor-post__read-more\" href=\"https:\/\/mxenes.cl\/home\/en\/investigacion3\/\" target=\"_blank\">\n\t\t\tMore info\t\t<\/a>\n\n\t\t\t\t<\/div>\n\t\t\t\t<\/article>\n\t\t\t\t<\/div>\n\t\t\n\t\t\t\t<\/div>\n\t\t\t\t<\/div>\n\t\t\t\t<\/div>\n\t\t\t\t\t<\/div>\n\t\t\t\t<\/div>\n\t\t\t\t<\/div>\n\t\t\t\t<\/div>","protected":false},"excerpt":{"rendered":"<p>L\u00edneas de Investigaci\u00f3n El N\u00facleo Milenio de Mxenos Avanzados para Aplicaciones Sostenibles aspira a establecerse como un centro de investigaci\u00f3n [&hellip;]<\/p>","protected":false},"author":1,"featured_media":0,"parent":0,"menu_order":0,"comment_status":"closed","ping_status":"closed","template":"","meta":{"_acf_changed":false,"site-sidebar-layout":"no-sidebar","site-content-layout":"","ast-site-content-layout":"full-width-container","site-content-style":"default","site-sidebar-style":"default","ast-global-header-display":"","ast-banner-title-visibility":"","ast-main-header-display":"","ast-hfb-above-header-display":"","ast-hfb-below-header-display":"","ast-hfb-mobile-header-display":"","site-post-title":"disabled","ast-breadcrumbs-content":"","ast-featured-img":"disabled","footer-sml-layout":"","theme-transparent-header-meta":"","adv-header-id-meta":"","stick-header-meta":"","header-above-stick-meta":"","header-main-stick-meta":"","header-below-stick-meta":"","astra-migrate-meta-layouts":"default","ast-page-background-enabled":"default","ast-page-background-meta":{"desktop":{"background-color":"var(--ast-global-color-4)","background-image":"","background-repeat":"repeat","background-position":"center center","background-size":"auto","background-attachment":"scroll","background-type":"","background-media":"","overlay-type":"","overlay-color":"","overlay-opacity":"","overlay-gradient":""},"tablet":{"background-color":"","background-image":"","background-repeat":"repeat","background-position":"center center","background-size":"auto","background-attachment":"scroll","background-type":"","background-media":"","overlay-type":"","overlay-color":"","overlay-opacity":"","overlay-gradient":""},"mobile":{"background-color":"","background-image":"","background-repeat":"repeat","background-position":"center center","background-size":"auto","background-attachment":"scroll","background-type":"","background-media":"","overlay-type":"","overlay-color":"","overlay-opacity":"","overlay-gradient":""}},"ast-content-background-meta":{"desktop":{"background-color":"var(--ast-global-color-5)","background-image":"","background-repeat":"repeat","background-position":"center center","background-size":"auto","background-attachment":"scroll","background-type":"","background-media":"","overlay-type":"","overlay-color":"","overlay-opacity":"","overlay-gradient":""},"tablet":{"background-color":"var(--ast-global-color-5)","background-image":"","background-repeat":"repeat","background-position":"center center","background-size":"auto","background-attachment":"scroll","background-type":"","background-media":"","overlay-type":"","overlay-color":"","overlay-opacity":"","overlay-gradient":""},"mobile":{"background-color":"var(--ast-global-color-5)","background-image":"","background-repeat":"repeat","background-position":"center center","background-size":"auto","background-attachment":"scroll","background-type":"","background-media":"","overlay-type":"","overlay-color":"","overlay-opacity":"","overlay-gradient":""}},"footnotes":""},"class_list":["post-355","page","type-page","status-publish","hentry"],"acf":[],"_links":{"self":[{"href":"https:\/\/mxenes.cl\/home\/en\/wp-json\/wp\/v2\/pages\/355","targetHints":{"allow":["GET"]}}],"collection":[{"href":"https:\/\/mxenes.cl\/home\/en\/wp-json\/wp\/v2\/pages"}],"about":[{"href":"https:\/\/mxenes.cl\/home\/en\/wp-json\/wp\/v2\/types\/page"}],"author":[{"embeddable":true,"href":"https:\/\/mxenes.cl\/home\/en\/wp-json\/wp\/v2\/users\/1"}],"replies":[{"embeddable":true,"href":"https:\/\/mxenes.cl\/home\/en\/wp-json\/wp\/v2\/comments?post=355"}],"version-history":[{"count":28,"href":"https:\/\/mxenes.cl\/home\/en\/wp-json\/wp\/v2\/pages\/355\/revisions"}],"predecessor-version":[{"id":1705,"href":"https:\/\/mxenes.cl\/home\/en\/wp-json\/wp\/v2\/pages\/355\/revisions\/1705"}],"wp:attachment":[{"href":"https:\/\/mxenes.cl\/home\/en\/wp-json\/wp\/v2\/media?parent=355"}],"curies":[{"name":"wp","href":"https:\/\/api.w.org\/{rel}","templated":true}]}}